{"id":69,"date":"2022-03-18T13:42:06","date_gmt":"2022-03-18T13:42:06","guid":{"rendered":"https:\/\/www.icec2022.eu\/?page_id=69"},"modified":"2022-08-24T13:13:40","modified_gmt":"2022-08-24T13:13:40","slug":"organization","status":"publish","type":"page","link":"https:\/\/www.icec2022.eu\/index.php\/organization\/","title":{"rendered":"Organization"},"content":{"rendered":"\n<h2 class=\"wp-block-heading\" id=\"general-chairs\">General Chairs<\/h2>\n\n\n\n<p>Jannicke Baalsrud Hauge (KTH, Sweden; BIBA Bremen, Germany)<br>Roderick McCall (LIST, Luxembourg)<\/p>\n\n\n\n<h2 class=\"wp-block-heading\" id=\"program-chairs\">Program Chairs<\/h2>\n\n\n\n<p>Barbara G\u00f6bl (University of Vienna, Austria)<br>Erik van der Spek (Eindhoven University of Technology, Netherlands)<\/p>\n\n\n\n<h2 class=\"wp-block-heading\" id=\"work-in-progress\">Work in Progress<\/h2>\n\n\n\n<p>Jorge C. S. Cardoso (University of Coimbra, Portugal)<br>Dimitry Alexandrovsky (University of Bremen, Germany)<\/p>\n\n\n\n<h2 class=\"wp-block-heading\" id=\"tutorials\">Tutorials<\/h2>\n\n\n\n<p>Esteban Clua (Instituto de Computa\u00e7\u00e3o, Brasil)<\/p>\n\n\n\n<h2 class=\"wp-block-heading\" id=\"workshops\">Workshops<\/h2>\n\n\n\n<p>Heinrich S\u00f6bke (Bauhaus Uni Weimar, Germany)<br>Paula Alexandra Silva (University of Coimbra, Portugal)<\/p>\n\n\n\n<h2 class=\"wp-block-heading\" id=\"interactive-entertainment-experiential-works\">Interactive Entertainment \/ Experiential Works<\/h2>\n\n\n\n<p>Moritz Quant (BIBA Bremen, Germany)<\/p>\n\n\n\n<h2 class=\"wp-block-heading\" id=\"student-competition\">Student competition<\/h2>\n\n\n\n<p>Thiago Porcino (Dalhousie University, Canada)<br>Jaime Garcia (UT Sydney, Australia)<\/p>\n\n\n\n<h2 class=\"wp-block-heading\" id=\"doctoral-consortium\">Doctoral Consortium<\/h2>\n\n\n\n<p>Helmut Hlavacs (University of Vienna, Austria)<br>Simone Kriglstein (Masaryk University, Czech Republic; AIT Austrian Institute of Technology GmbH, Austria)<\/p>\n\n\n\n<h2 class=\"wp-block-heading\" id=\"publicity\">Publicity<\/h2>\n\n\n\n<p>Aleksandra Himstedt (BIBA Bremen, Germany)<\/p>\n\n\n\n<h2 class=\"wp-block-heading\" id=\"local-organization\">Local Organization<\/h2>\n\n\n\n<p>Sundus Fatima (BIBA Bremen, Germany)<br>Moritz Quandt (BIBA Bremen, Germany)<br>Heiko Duin (BIBA Bremen, Germany)<br>Jakob Baalsrud Hauge (Hochschule Bremen, Germany)<\/p>\n\n\n\n<h2 class=\"wp-block-heading\" id=\"steering-committee\">Steering Committee<\/h2>\n\n\n\n<p>Licinio Roque (University of Coimbra, Portugal)<br>Jannicke Baalsrud Hauge (KTH, Sweden)<br>Esteban Clua (Federal Fluminense University, Brazil)<br>Jorge Cardoso (University of Coimbra, Portugal)<br>Rainer Malaka  (University of Bremen, Germany)<br>Erik van der Spek (Eindhoven University of Technology, Netherlands)<br><\/p>\n\n\n\n<h2 class=\"wp-block-heading\" id=\"contact\">Contact<\/h2>\n\n\n\n<p>For inquiries please contact:&nbsp;<a href=\"mailto:ifip@icec2022.eu\">ifip@icec2022.eu<\/a> <\/p>\n","protected":false},"excerpt":{"rendered":"<p>General Chairs Jannicke Baalsrud Hauge (KTH, Sweden; BIBA Bremen, Germany)Roderick McCall (LIST, Luxembourg) Program Chairs Barbara G\u00f6bl (University of Vienna, Austria)Erik van der Spek (Eindhoven University of Technology, Netherlands) Work in Progress Jorge C. S. Cardoso (University of Coimbra, Portugal)Dimitry Alexandrovsky (University of Bremen, Germany) Tutorials Esteban Clua (Instituto de Computa\u00e7\u00e3o, Brasil) Workshops Heinrich S\u00f6bke [&hellip;]<\/p>\n","protected":false},"author":2,"featured_media":108,"parent":0,"menu_order":0,"comment_status":"closed","ping_status":"closed","template":"","meta":{"footnotes":""},"class_list":["post-69","page","type-page","status-publish","has-post-thumbnail","hentry"],"_links":{"self":[{"href":"https:\/\/www.icec2022.eu\/index.php\/wp-json\/wp\/v2\/pages\/69","targetHints":{"allow":["GET"]}}],"collection":[{"href":"https:\/\/www.icec2022.eu\/index.php\/wp-json\/wp\/v2\/pages"}],"about":[{"href":"https:\/\/www.icec2022.eu\/index.php\/wp-json\/wp\/v2\/types\/page"}],"author":[{"embeddable":true,"href":"https:\/\/www.icec2022.eu\/index.php\/wp-json\/wp\/v2\/users\/2"}],"replies":[{"embeddable":true,"href":"https:\/\/www.icec2022.eu\/index.php\/wp-json\/wp\/v2\/comments?post=69"}],"version-history":[{"count":5,"href":"https:\/\/www.icec2022.eu\/index.php\/wp-json\/wp\/v2\/pages\/69\/revisions"}],"predecessor-version":[{"id":296,"href":"https:\/\/www.icec2022.eu\/index.php\/wp-json\/wp\/v2\/pages\/69\/revisions\/296"}],"wp:featuredmedia":[{"embeddable":true,"href":"https:\/\/www.icec2022.eu\/index.php\/wp-json\/wp\/v2\/media\/108"}],"wp:attachment":[{"href":"https:\/\/www.icec2022.eu\/index.php\/wp-json\/wp\/v2\/media?parent=69"}],"curies":[{"name":"wp","href":"https:\/\/api.w.org\/{rel}","templated":true}]}}